{"id":7010,"date":"2022-03-07T17:49:51","date_gmt":"2022-03-07T22:49:51","guid":{"rendered":"https:\/\/www.ecoledubardemontreal.ca\/formation-en-bartending-2\/uncategorized\/ateliers-zero-dechets\/"},"modified":"2022-12-09T16:05:32","modified_gmt":"2022-12-09T21:05:32","slug":"ateliers-zero-dechets","status":"publish","type":"product","link":"https:\/\/www.ecoledubardemontreal.ca\/en\/product\/ateliers-zero-dechets\/","title":{"rendered":"Ateliers \u00c0 la poursuite du Z\u00e9ro D\u00e9chet"},"content":{"rendered":"<p>[et_pb_section fb_built=&#8221;1&#8243; _builder_version=&#8221;4.16&#8243; _module_preset=&#8221;default&#8221; background_image=&#8221;https:\/\/www.ecoledubardemontreal.ca\/wp-content\/uploads\/2022\/03\/EBM-ecole-de-bar-de-montreal-header-bg.jpeg&#8221; min_height=&#8221;100px&#8221; custom_margin=&#8221;0px|0px||0px|false|false&#8221; custom_padding=&#8221;0px|0px||0px|false|false&#8221; global_colors_info=&#8221;{}&#8221;][et_pb_row _builder_version=&#8221;4.16&#8243; _module_preset=&#8221;default&#8221; global_colors_info=&#8221;{}&#8221;][et_pb_column type=&#8221;4_4&#8243; _builder_version=&#8221;4.16&#8243; _module_preset=&#8221;default&#8221; global_colors_info=&#8221;{}&#8221;][\/et_pb_column][\/et_pb_row][\/et_pb_section][et_pb_section fb_built=&#8221;1&#8243; _builder_version=&#8221;4.16&#8243; _module_preset=&#8221;default&#8221; module_alignment=&#8221;center&#8221; global_colors_info=&#8221;{}&#8221;][et_pb_row column_structure=&#8221;1_3,2_3&#8243; make_equal=&#8221;on&#8221; _builder_version=&#8221;4.16&#8243; _module_preset=&#8221;default&#8221; custom_margin=&#8221;0px||0px||false|false&#8221; custom_padding=&#8221;0px||0px||false|false&#8221; global_colors_info=&#8221;{}&#8221;][et_pb_column type=&#8221;1_3&#8243; _builder_version=&#8221;4.16&#8243; _module_preset=&#8221;default&#8221; global_colors_info=&#8221;{}&#8221;][et_pb_image src=&#8221;@ET-DC@eyJkeW5hbWljIjp0cnVlLCJjb250ZW50IjoicG9zdF9mZWF0dXJlZF9pbWFnZSIsInNldHRpbmdzIjp7fX0=@&#8221; show_in_lightbox=&#8221;on&#8221; _builder_version=&#8221;4.16&#8243; _dynamic_attributes=&#8221;src&#8221; _module_preset=&#8221;default&#8221; custom_margin=&#8221;||0px||false|false&#8221; custom_padding=&#8221;||0px||false|false&#8221; border_radii=&#8221;on|5px|5px|5px|5px&#8221; global_colors_info=&#8221;{}&#8221;][\/et_pb_image][\/et_pb_column][et_pb_column type=&#8221;2_3&#8243; _builder_version=&#8221;4.16&#8243; _module_preset=&#8221;default&#8221; global_colors_info=&#8221;{}&#8221;][et_pb_wc_title _builder_version=&#8221;4.16&#8243; _module_preset=&#8221;default&#8221; header_line_height=&#8221;1.2em&#8221; custom_margin_tablet=&#8221;&#8221; custom_margin_phone=&#8221;&#8221; custom_margin_last_edited=&#8221;on|phone&#8221; global_colors_info=&#8221;{}&#8221;][\/et_pb_wc_title][et_pb_wc_price admin_label=&#8221;Woo Product Price&#8221; _builder_version=&#8221;4.16&#8243; _module_preset=&#8221;default&#8221; body_line_height=&#8221;1em&#8221; custom_margin=&#8221;0px||20px||false|false&#8221; custom_padding=&#8221;0px||0px||false|false&#8221; global_colors_info=&#8221;{}&#8221;][\/et_pb_wc_price][et_pb_wc_description description_type=&#8221;description&#8221; _builder_version=&#8221;4.16&#8243; _module_preset=&#8221;default&#8221; custom_margin=&#8221;||0px||false|false&#8221; custom_padding=&#8221;||0px||false|false&#8221; global_colors_info=&#8221;{}&#8221;][\/et_pb_wc_description][\/et_pb_column][\/et_pb_row][\/et_pb_section][et_pb_section fb_built=&#8221;1&#8243; _builder_version=&#8221;4.16&#8243; _module_preset=&#8221;default&#8221; background_image=&#8221;https:\/\/www.ecoledubardemontreal.ca\/wp-content\/uploads\/2022\/03\/EBM-ecole-de-bar-de-montreal-header-bg.jpeg&#8221; parallax=&#8221;on&#8221; position_origin_r=&#8221;top_right&#8221; global_colors_info=&#8221;{}&#8221;][et_pb_row column_structure=&#8221;1_2,1_2&#8243; _builder_version=&#8221;4.16&#8243; _module_preset=&#8221;default&#8221; module_alignment=&#8221;center&#8221; global_colors_info=&#8221;{}&#8221;][et_pb_column type=&#8221;1_2&#8243; _builder_version=&#8221;4.16&#8243; _module_preset=&#8221;default&#8221; custom_padding=&#8221;60px|50px|40px|50px|false|false&#8221; border_radii=&#8221;on|5px|5px|5px|5px&#8221; border_width_all=&#8221;1px&#8221; border_color_all=&#8221;#FFFFFF&#8221; global_colors_info=&#8221;{}&#8221;][et_pb_text _builder_version=&#8221;4.16&#8243; _module_preset=&#8221;default&#8221; header_text_color=&#8221;#FFFFFF&#8221; header_2_text_color=&#8221;#FFFFFF&#8221; header_3_text_color=&#8221;#FFFFFF&#8221; module_alignment=&#8221;center&#8221; custom_margin=&#8221;||30px||false|false&#8221; custom_padding=&#8221;||20px||false|false&#8221; border_width_bottom=&#8221;1px&#8221; border_color_bottom=&#8221;#E09900&#8243; global_colors_info=&#8221;{}&#8221;]<\/p>\n<h1>D\u00e9roulement de l&#8217;atelier<\/h1>\n<p>[\/et_pb_text][et_pb_text ul_type=&#8221;circle&#8221; ul_item_indent=&#8221;15px&#8221; _builder_version=&#8221;4.16&#8243; _module_preset=&#8221;default&#8221; text_font=&#8221;|600|||||||&#8221; text_text_color=&#8221;#FFFFFF&#8221; text_font_size=&#8221;20px&#8221; ul_font=&#8221;|600|||||||&#8221; ul_text_color=&#8221;#FFFFFF&#8221; ul_font_size=&#8221;20px&#8221; ul_line_height=&#8221;1.7em&#8221; header_2_font=&#8221;|600|||||||&#8221; header_2_text_color=&#8221;#FFFFFF&#8221; header_2_font_size=&#8221;20px&#8221; module_alignment=&#8221;center&#8221; custom_margin=&#8221;||0px||false|false&#8221; custom_padding=&#8221;||0px||false|false&#8221; text_font_size_tablet=&#8221;18px&#8221; text_font_size_phone=&#8221;18px&#8221; text_font_size_last_edited=&#8221;on|phone&#8221; ul_font_size_tablet=&#8221;18px&#8221; ul_font_size_phone=&#8221;18px&#8221; ul_font_size_last_edited=&#8221;on|tablet&#8221; header_2_font_size_tablet=&#8221;18px&#8221; header_2_font_size_phone=&#8221;18px&#8221; header_2_font_size_last_edited=&#8221;on|phone&#8221; global_colors_info=&#8221;{}&#8221;]<\/p>\n<ul>\n<li>Cocktail de Bienvenue<\/li>\n<li>Pr\u00e9sentation du produit utilis\u00e9 et de l&#8217;histoire du spiritueux (20 minutes)<\/li>\n<li>Pr\u00e9paration du jus, du sirop et de la d\u00e9coration<\/li>\n<li>R\u00e9alisation d&#8217;un cocktail cr\u00e9ation rafra\u00eechissant de style &#8220;long drink&#8221;<\/li>\n<li>R\u00e9alisation d&#8217;un cocktail cr\u00e9ation gourmand de style &#8220;sour&#8221;<\/li>\n<li>Techniques pour la mise en pratique de l&#8217;esprit <em>z\u00e9ro d\u00e9chet<\/em> chez vous<\/li>\n<li>En cadeau, une fiole contenant le sirop fabriqu\u00e9 durant le cours<\/li>\n<li>Mot de la fin<\/li>\n<\/ul>\n<p>[\/et_pb_text][et_pb_image _builder_version=&#8221;4.16&#8243; _module_preset=&#8221;default&#8221; global_colors_info=&#8221;{}&#8221;][\/et_pb_image][\/et_pb_column][et_pb_column type=&#8221;1_2&#8243; _builder_version=&#8221;4.16&#8243; _module_preset=&#8221;default&#8221; background_color=&#8221;rgba(255,255,255,0.96)&#8221; custom_padding=&#8221;50px|40px|50px|40px|false|false&#8221; border_radii=&#8221;on|3px|3px|3px|3px&#8221; border_width_all=&#8221;1px&#8221; border_color_all=&#8221;#FFFFFF&#8221; global_colors_info=&#8221;{}&#8221;][et_pb_wc_title module_id=&#8221;reserver&#8221; _builder_version=&#8221;4.16&#8243; _module_preset=&#8221;default&#8221; header_line_height=&#8221;1.2em&#8221; custom_margin=&#8221;-20px||10px||false|false&#8221; custom_margin_tablet=&#8221;-10px||||false|false&#8221; custom_margin_phone=&#8221;||10px||false|false&#8221; custom_margin_last_edited=&#8221;on|desktop&#8221; custom_padding=&#8221;0px||0px||false|false&#8221; global_colors_info=&#8221;{}&#8221;][\/et_pb_wc_title][et_pb_wc_price admin_label=&#8221;Woo Product Price&#8221; _builder_version=&#8221;4.16&#8243; _module_preset=&#8221;default&#8221; body_line_height=&#8221;1em&#8221; custom_margin=&#8221;0px||20px||false|false&#8221; custom_padding=&#8221;0px||0px||false|false&#8221; global_colors_info=&#8221;{}&#8221;][\/et_pb_wc_price][et_pb_wc_add_to_cart _builder_version=&#8221;4.16&#8243; _module_preset=&#8221;default&#8221; global_colors_info=&#8221;{}&#8221;][\/et_pb_wc_add_to_cart][\/et_pb_column][\/et_pb_row][\/et_pb_section][et_pb_section fb_built=&#8221;1&#8243; _builder_version=&#8221;4.16&#8243; _module_preset=&#8221;default&#8221; global_colors_info=&#8221;{}&#8221;][et_pb_row _builder_version=&#8221;4.16&#8243; _module_preset=&#8221;default&#8221; global_colors_info=&#8221;{}&#8221;][et_pb_column type=&#8221;4_4&#8243; _builder_version=&#8221;4.16&#8243; _module_preset=&#8221;default&#8221; global_colors_info=&#8221;{}&#8221;][et_pb_wc_related_products orderby=&#8221;popularity&#8221; include_categories=&#8221;56,64&#8243; _builder_version=&#8221;4.16&#8243; _module_preset=&#8221;default&#8221; global_colors_info=&#8221;{}&#8221;][\/et_pb_wc_related_products][\/et_pb_column][\/et_pb_row][\/et_pb_section]<\/p>\n","protected":false},"excerpt":{"rendered":"<p>D\u00e9roulement de l&#8217;atelier Cocktail de Bienvenue Pr\u00e9sentation du produit utilis\u00e9 et de l&#8217;histoire du spiritueux (20 minutes) Pr\u00e9paration du jus, du sirop et de la d\u00e9coration R\u00e9alisation d&#8217;un cocktail cr\u00e9ation rafra\u00eechissant de style &#8220;long drink&#8221; R\u00e9alisation d&#8217;un cocktail cr\u00e9ation gourmand de style &#8220;sour&#8221; Techniques pour la mise en pratique de l&#8217;esprit z\u00e9ro d\u00e9chet chez vous [&hellip;]<\/p>\n","protected":false},"featured_media":6774,"template":"","meta":{"_et_pb_use_builder":"on","_et_pb_old_content":"L' <strong>Atelier \u00c0 la poursuite du Z\u00e9ro D\u00e9chet <\/strong>a pour vocation de vous apprendre \u00e0 privil\u00e9gier l'usage d'<strong>ingr\u00e9dients locaux &amp; saisonniers<\/strong> dans vos cr\u00e9ations de cocktails \u00e0 base de rhum et de sirops.\r\nGr\u00e2ce \u00e0 des rep\u00e8res simples, \u00e0 des techniques efficaces, et aux astuces d'un mixologue passionn\u00e9, l'\u00e9laboration de d\u00e9licieux cocktails aux accords \u00e9quilibr\u00e9s n'aura plus de secret pour vous!\r\n\r\n&nbsp;\r\n\r\n<strong>Dur\u00e9e :<\/strong> 2h30\r\n<strong>Horaires : <\/strong>de 18h30 \u00e0 21h\r\n<strong>Dates disponibles :<\/strong> consultez le calendrier ci-dessous pour connaitre les disponibilit\u00e9s restantes et effectuer une <a href=\"#reserver\">r\u00e9servation<\/a>\r\n<strong>Lieu : <\/strong>\u00c9cole du Bar de Montr\u00e9al, <a href=\"https:\/\/www.google.com\/maps\/place\/%C3%89cole+du+bar+de+Montr%C3%A9al\/@45.5215798,-73.5647684,16z\/data=!4m5!3m4!1s0x0:0xfafd4ce8b9db8d8f!8m2!3d45.5151899!4d-73.565734\" target=\"_blank\" rel=\"noopener\">325 rue Ontario Est, Montr\u00e9al, QC H2X 1H7<\/a>. (M\u00e9tro Berri-Uqam)\r\n<strong>Capacit\u00e9 du groupe :<\/strong> 5 \u00e0 10 personnes\r\n<strong>Prix :<\/strong> 85$ + taxes \/ personne\r\n\r\n&nbsp;\r\n\r\n<em><strong>Note :<\/strong> Les Ateliers Z\u00e9ro D\u00e9chets sont ouverts \u00e0 des groupes de 5 personnes minimum. Dans le cas d'une r\u00e9servation individuelle ou pour moins de 5 personnes, d'autres participants seront ajout\u00e9s \u00e0 votre groupe, jusqu'\u00e0 une capacit\u00e9 maximum de 10 personnes par atelier.<\/em>","_et_gb_content_width":"","inline_featured_image":false},"product_brand":[],"product_cat":[86],"product_tag":[],"class_list":{"0":"post-7010","1":"product","2":"type-product","3":"status-publish","4":"has-post-thumbnail","6":"product_cat-workshops","8":"first","9":"instock","10":"virtual","11":"sold-individually","12":"taxable","13":"purchasable","14":"product-type-booking"},"yoast_head":"<!-- This site is optimized with the Yoast SEO plugin v26.8 - https:\/\/yoast.com\/product\/yoast-seo-wordpress\/ -->\n<title>Ateliers \u00c0 la poursuite du Z\u00e9ro D\u00e9chet | \u00c9cole du bar de Montr\u00e9al<\/title>\n<meta name=\"robots\" content=\"index, follow, max-snippet:-1, max-image-preview:large, max-video-preview:-1\" \/>\n<link rel=\"canonical\" href=\"https:\/\/www.ecoledubardemontreal.ca\/en\/product\/ateliers-zero-dechets\/\" \/>\n<meta property=\"og:locale\" content=\"en_US\" \/>\n<meta property=\"og:type\" content=\"article\" \/>\n<meta property=\"og:title\" content=\"Ateliers \u00c0 la poursuite du Z\u00e9ro D\u00e9chet | \u00c9cole du bar de Montr\u00e9al\" \/>\n<meta property=\"og:url\" content=\"https:\/\/www.ecoledubardemontreal.ca\/en\/product\/ateliers-zero-dechets\/\" \/>\n<meta property=\"og:site_name\" content=\"\u00c9cole du bar de Montr\u00e9al\" \/>\n<meta property=\"article:publisher\" content=\"https:\/\/www.facebook.com\/Ecoledubarmtl\/\" \/>\n<meta property=\"article:modified_time\" content=\"2022-12-09T21:05:32+00:00\" \/>\n<meta property=\"og:image\" content=\"https:\/\/www.ecoledubardemontreal.ca\/wp-content\/uploads\/2022\/03\/Ateliers-zero-dechets-EBM-ecole-du-bar-de-montreal-e1646726500207.jpg\" \/>\n\t<meta property=\"og:image:width\" content=\"799\" \/>\n\t<meta property=\"og:image:height\" content=\"958\" \/>\n\t<meta property=\"og:image:type\" content=\"image\/jpeg\" \/>\n<meta name=\"twitter:card\" content=\"summary_large_image\" \/>\n<meta name=\"twitter:site\" content=\"@ecoledubarmtl\" \/>\n<meta name=\"twitter:label1\" content=\"Est. reading time\" \/>\n\t<meta name=\"twitter:data1\" content=\"4 minutes\" \/>\n<script type=\"application\/ld+json\" class=\"yoast-schema-graph\">{\"@context\":\"https:\/\/schema.org\",\"@graph\":[{\"@type\":\"WebPage\",\"@id\":\"https:\/\/www.ecoledubardemontreal.ca\/en\/product\/ateliers-zero-dechets\/\",\"url\":\"https:\/\/www.ecoledubardemontreal.ca\/en\/product\/ateliers-zero-dechets\/\",\"name\":\"Ateliers \u00c0 la poursuite du Z\u00e9ro D\u00e9chet | \u00c9cole du bar de Montr\u00e9al\",\"isPartOf\":{\"@id\":\"https:\/\/www.ecoledubardemontreal.ca\/#website\"},\"primaryImageOfPage\":{\"@id\":\"https:\/\/www.ecoledubardemontreal.ca\/en\/product\/ateliers-zero-dechets\/#primaryimage\"},\"image\":{\"@id\":\"https:\/\/www.ecoledubardemontreal.ca\/en\/product\/ateliers-zero-dechets\/#primaryimage\"},\"thumbnailUrl\":\"https:\/\/www.ecoledubardemontreal.ca\/wp-content\/uploads\/2022\/03\/Ateliers-zero-dechets-EBM-ecole-du-bar-de-montreal-e1646726500207.jpg\",\"datePublished\":\"2022-03-07T22:49:51+00:00\",\"dateModified\":\"2022-12-09T21:05:32+00:00\",\"breadcrumb\":{\"@id\":\"https:\/\/www.ecoledubardemontreal.ca\/en\/product\/ateliers-zero-dechets\/#breadcrumb\"},\"inLanguage\":\"en-US\",\"potentialAction\":[{\"@type\":\"ReadAction\",\"target\":[\"https:\/\/www.ecoledubardemontreal.ca\/en\/product\/ateliers-zero-dechets\/\"]}]},{\"@type\":\"ImageObject\",\"inLanguage\":\"en-US\",\"@id\":\"https:\/\/www.ecoledubardemontreal.ca\/en\/product\/ateliers-zero-dechets\/#primaryimage\",\"url\":\"https:\/\/www.ecoledubardemontreal.ca\/wp-content\/uploads\/2022\/03\/Ateliers-zero-dechets-EBM-ecole-du-bar-de-montreal-e1646726500207.jpg\",\"contentUrl\":\"https:\/\/www.ecoledubardemontreal.ca\/wp-content\/uploads\/2022\/03\/Ateliers-zero-dechets-EBM-ecole-du-bar-de-montreal-e1646726500207.jpg\",\"width\":799,\"height\":958},{\"@type\":\"BreadcrumbList\",\"@id\":\"https:\/\/www.ecoledubardemontreal.ca\/en\/product\/ateliers-zero-dechets\/#breadcrumb\",\"itemListElement\":[{\"@type\":\"ListItem\",\"position\":1,\"name\":\"Accueil\",\"item\":\"https:\/\/www.ecoledubardemontreal.ca\/en\/\"},{\"@type\":\"ListItem\",\"position\":2,\"name\":\"Formations en bartending et mixologie\",\"item\":\"https:\/\/www.ecoledubardemontreal.ca\/\"},{\"@type\":\"ListItem\",\"position\":3,\"name\":\"Ateliers \u00c0 la poursuite du Z\u00e9ro D\u00e9chet\"}]},{\"@type\":\"WebSite\",\"@id\":\"https:\/\/www.ecoledubardemontreal.ca\/#website\",\"url\":\"https:\/\/www.ecoledubardemontreal.ca\/\",\"name\":\"\u00c9cole du bar de Montr\u00e9al\",\"description\":\"Site de l&#039;\u00e9cole du bar de Montr\u00e9al\",\"publisher\":{\"@id\":\"https:\/\/www.ecoledubardemontreal.ca\/#organization\"},\"potentialAction\":[{\"@type\":\"SearchAction\",\"target\":{\"@type\":\"EntryPoint\",\"urlTemplate\":\"https:\/\/www.ecoledubardemontreal.ca\/?s={search_term_string}\"},\"query-input\":{\"@type\":\"PropertyValueSpecification\",\"valueRequired\":true,\"valueName\":\"search_term_string\"}}],\"inLanguage\":\"en-US\"},{\"@type\":\"Organization\",\"@id\":\"https:\/\/www.ecoledubardemontreal.ca\/#organization\",\"name\":\"\u00c9cole du Bar de Montr\u00e9al | EBM\",\"url\":\"https:\/\/www.ecoledubardemontreal.ca\/\",\"logo\":{\"@type\":\"ImageObject\",\"inLanguage\":\"en-US\",\"@id\":\"https:\/\/www.ecoledubardemontreal.ca\/#\/schema\/logo\/image\/\",\"url\":\"https:\/\/www.ecoledubardemontreal.ca\/wp-content\/uploads\/2020\/07\/Logo-EBM.png\",\"contentUrl\":\"https:\/\/www.ecoledubardemontreal.ca\/wp-content\/uploads\/2020\/07\/Logo-EBM.png\",\"width\":2625,\"height\":3450,\"caption\":\"\u00c9cole du Bar de Montr\u00e9al | EBM\"},\"image\":{\"@id\":\"https:\/\/www.ecoledubardemontreal.ca\/#\/schema\/logo\/image\/\"},\"sameAs\":[\"https:\/\/www.facebook.com\/Ecoledubarmtl\/\",\"https:\/\/x.com\/ecoledubarmtl\",\"https:\/\/www.instagram.com\/Ecoledubarmtl\/\",\"https:\/\/www.linkedin.com\/company\/ebmtl\/\"]}]}<\/script>\n<!-- \/ Yoast SEO plugin. -->","yoast_head_json":{"title":"Ateliers \u00c0 la poursuite du Z\u00e9ro D\u00e9chet | \u00c9cole du bar de Montr\u00e9al","robots":{"index":"index","follow":"follow","max-snippet":"max-snippet:-1","max-image-preview":"max-image-preview:large","max-video-preview":"max-video-preview:-1"},"canonical":"https:\/\/www.ecoledubardemontreal.ca\/en\/product\/ateliers-zero-dechets\/","og_locale":"en_US","og_type":"article","og_title":"Ateliers \u00c0 la poursuite du Z\u00e9ro D\u00e9chet | \u00c9cole du bar de Montr\u00e9al","og_url":"https:\/\/www.ecoledubardemontreal.ca\/en\/product\/ateliers-zero-dechets\/","og_site_name":"\u00c9cole du bar de Montr\u00e9al","article_publisher":"https:\/\/www.facebook.com\/Ecoledubarmtl\/","article_modified_time":"2022-12-09T21:05:32+00:00","og_image":[{"width":799,"height":958,"url":"https:\/\/www.ecoledubardemontreal.ca\/wp-content\/uploads\/2022\/03\/Ateliers-zero-dechets-EBM-ecole-du-bar-de-montreal-e1646726500207.jpg","type":"image\/jpeg"}],"twitter_card":"summary_large_image","twitter_site":"@ecoledubarmtl","twitter_misc":{"Est. reading time":"4 minutes"},"schema":{"@context":"https:\/\/schema.org","@graph":[{"@type":"WebPage","@id":"https:\/\/www.ecoledubardemontreal.ca\/en\/product\/ateliers-zero-dechets\/","url":"https:\/\/www.ecoledubardemontreal.ca\/en\/product\/ateliers-zero-dechets\/","name":"Ateliers \u00c0 la poursuite du Z\u00e9ro D\u00e9chet | \u00c9cole du bar de Montr\u00e9al","isPartOf":{"@id":"https:\/\/www.ecoledubardemontreal.ca\/#website"},"primaryImageOfPage":{"@id":"https:\/\/www.ecoledubardemontreal.ca\/en\/product\/ateliers-zero-dechets\/#primaryimage"},"image":{"@id":"https:\/\/www.ecoledubardemontreal.ca\/en\/product\/ateliers-zero-dechets\/#primaryimage"},"thumbnailUrl":"https:\/\/www.ecoledubardemontreal.ca\/wp-content\/uploads\/2022\/03\/Ateliers-zero-dechets-EBM-ecole-du-bar-de-montreal-e1646726500207.jpg","datePublished":"2022-03-07T22:49:51+00:00","dateModified":"2022-12-09T21:05:32+00:00","breadcrumb":{"@id":"https:\/\/www.ecoledubardemontreal.ca\/en\/product\/ateliers-zero-dechets\/#breadcrumb"},"inLanguage":"en-US","potentialAction":[{"@type":"ReadAction","target":["https:\/\/www.ecoledubardemontreal.ca\/en\/product\/ateliers-zero-dechets\/"]}]},{"@type":"ImageObject","inLanguage":"en-US","@id":"https:\/\/www.ecoledubardemontreal.ca\/en\/product\/ateliers-zero-dechets\/#primaryimage","url":"https:\/\/www.ecoledubardemontreal.ca\/wp-content\/uploads\/2022\/03\/Ateliers-zero-dechets-EBM-ecole-du-bar-de-montreal-e1646726500207.jpg","contentUrl":"https:\/\/www.ecoledubardemontreal.ca\/wp-content\/uploads\/2022\/03\/Ateliers-zero-dechets-EBM-ecole-du-bar-de-montreal-e1646726500207.jpg","width":799,"height":958},{"@type":"BreadcrumbList","@id":"https:\/\/www.ecoledubardemontreal.ca\/en\/product\/ateliers-zero-dechets\/#breadcrumb","itemListElement":[{"@type":"ListItem","position":1,"name":"Accueil","item":"https:\/\/www.ecoledubardemontreal.ca\/en\/"},{"@type":"ListItem","position":2,"name":"Formations en bartending et mixologie","item":"https:\/\/www.ecoledubardemontreal.ca\/"},{"@type":"ListItem","position":3,"name":"Ateliers \u00c0 la poursuite du Z\u00e9ro D\u00e9chet"}]},{"@type":"WebSite","@id":"https:\/\/www.ecoledubardemontreal.ca\/#website","url":"https:\/\/www.ecoledubardemontreal.ca\/","name":"\u00c9cole du bar de Montr\u00e9al","description":"Site de l&#039;\u00e9cole du bar de Montr\u00e9al","publisher":{"@id":"https:\/\/www.ecoledubardemontreal.ca\/#organization"},"potentialAction":[{"@type":"SearchAction","target":{"@type":"EntryPoint","urlTemplate":"https:\/\/www.ecoledubardemontreal.ca\/?s={search_term_string}"},"query-input":{"@type":"PropertyValueSpecification","valueRequired":true,"valueName":"search_term_string"}}],"inLanguage":"en-US"},{"@type":"Organization","@id":"https:\/\/www.ecoledubardemontreal.ca\/#organization","name":"\u00c9cole du Bar de Montr\u00e9al | EBM","url":"https:\/\/www.ecoledubardemontreal.ca\/","logo":{"@type":"ImageObject","inLanguage":"en-US","@id":"https:\/\/www.ecoledubardemontreal.ca\/#\/schema\/logo\/image\/","url":"https:\/\/www.ecoledubardemontreal.ca\/wp-content\/uploads\/2020\/07\/Logo-EBM.png","contentUrl":"https:\/\/www.ecoledubardemontreal.ca\/wp-content\/uploads\/2020\/07\/Logo-EBM.png","width":2625,"height":3450,"caption":"\u00c9cole du Bar de Montr\u00e9al | EBM"},"image":{"@id":"https:\/\/www.ecoledubardemontreal.ca\/#\/schema\/logo\/image\/"},"sameAs":["https:\/\/www.facebook.com\/Ecoledubarmtl\/","https:\/\/x.com\/ecoledubarmtl","https:\/\/www.instagram.com\/Ecoledubarmtl\/","https:\/\/www.linkedin.com\/company\/ebmtl\/"]}]}},"_links":{"self":[{"href":"https:\/\/www.ecoledubardemontreal.ca\/en\/wp-json\/wp\/v2\/product\/7010","targetHints":{"allow":["GET"]}}],"collection":[{"href":"https:\/\/www.ecoledubardemontreal.ca\/en\/wp-json\/wp\/v2\/product"}],"about":[{"href":"https:\/\/www.ecoledubardemontreal.ca\/en\/wp-json\/wp\/v2\/types\/product"}],"wp:featuredmedia":[{"embeddable":true,"href":"https:\/\/www.ecoledubardemontreal.ca\/en\/wp-json\/wp\/v2\/media\/6774"}],"wp:attachment":[{"href":"https:\/\/www.ecoledubardemontreal.ca\/en\/wp-json\/wp\/v2\/media?parent=7010"}],"wp:term":[{"taxonomy":"product_brand","embeddable":true,"href":"https:\/\/www.ecoledubardemontreal.ca\/en\/wp-json\/wp\/v2\/product_brand?post=7010"},{"taxonomy":"product_cat","embeddable":true,"href":"https:\/\/www.ecoledubardemontreal.ca\/en\/wp-json\/wp\/v2\/product_cat?post=7010"},{"taxonomy":"product_tag","embeddable":true,"href":"https:\/\/www.ecoledubardemontreal.ca\/en\/wp-json\/wp\/v2\/product_tag?post=7010"}],"curies":[{"name":"wp","href":"https:\/\/api.w.org\/{rel}","templated":true}]}}