{"id":6611,"date":"2017-10-17T12:21:29","date_gmt":"2017-10-17T16:21:29","guid":{"rendered":"https:\/\/www.ecoledubardemontreal.ca\/produit\/formation-professionnelle-de-weekend-en-bartending\/"},"modified":"2026-03-05T14:37:20","modified_gmt":"2026-03-05T19:37:20","slug":"formation-professionnelle-de-weekend-en-bartending","status":"publish","type":"product","link":"https:\/\/www.ecoledubardemontreal.ca\/en\/product\/formation-professionnelle-de-weekend-en-bartending\/","title":{"rendered":"Formation professionnelle de weekend en bartending"},"content":{"rendered":"","protected":false},"excerpt":{"rendered":"<h4><\/h4>\n<h4><strong>Formation de fin de semaine<\/strong><br \/>\nElle est dispens\u00e9e durant 2 weekends cons\u00e9cutifs.<br \/>\nLe samedi et le dimanche, de 9h00 \u00e0 19h00.<\/h4>\n","protected":false},"featured_media":3973,"template":"","meta":{"_et_pb_use_builder":"","_et_pb_old_content":"","_et_gb_content_width":"","inline_featured_image":false},"product_brand":[],"product_cat":[75],"product_tag":[79,80,81,82,78,83],"class_list":{"0":"post-6611","1":"product","2":"type-product","3":"status-publish","4":"has-post-thumbnail","6":"product_cat-bartending-classes","7":"product_tag-barmaid-en","8":"product_tag-barman-en","9":"product_tag-cours-de-bartending-en","10":"product_tag-formation-de-soir-en-bartending-en","11":"product_tag-formation-en-bartending-en","12":"product_tag-formation-en-bartending-le-weekend-en","14":"first","15":"instock","16":"taxable","17":"shipping-taxable","18":"purchasable","19":"product-type-variable"},"yoast_head":"<!-- This site is optimized with the Yoast SEO plugin v26.8 - https:\/\/yoast.com\/product\/yoast-seo-wordpress\/ -->\n<title>Formation professionnelle de weekend en bartending | \u00c9cole du bar de Montr\u00e9al<\/title>\n<meta name=\"description\" content=\"Formation professionnelle en bartending la fin de semaine, c&#039;est possible ! Contactez l&#039;\u00c9cole du Bar de Montr\u00e9al et r\u00e9servez votre place en ligne!\" \/>\n<meta name=\"robots\" content=\"index, follow, max-snippet:-1, max-image-preview:large, max-video-preview:-1\" \/>\n<link rel=\"canonical\" href=\"https:\/\/www.ecoledubardemontreal.ca\/en\/product\/formation-professionnelle-de-weekend-en-bartending\/\" \/>\n<meta property=\"og:locale\" content=\"en_US\" \/>\n<meta property=\"og:type\" content=\"article\" \/>\n<meta property=\"og:title\" content=\"Formation professionnelle de weekend en bartending | \u00c9cole du bar de Montr\u00e9al\" \/>\n<meta property=\"og:description\" content=\"Formation professionnelle en bartending la fin de semaine, c&#039;est possible ! Contactez l&#039;\u00c9cole du Bar de Montr\u00e9al et r\u00e9servez votre place en ligne!\" \/>\n<meta property=\"og:url\" content=\"https:\/\/www.ecoledubardemontreal.ca\/en\/product\/formation-professionnelle-de-weekend-en-bartending\/\" \/>\n<meta property=\"og:site_name\" content=\"\u00c9cole du bar de Montr\u00e9al\" \/>\n<meta property=\"article:publisher\" content=\"https:\/\/www.facebook.com\/Ecoledubarmtl\/\" \/>\n<meta property=\"article:modified_time\" content=\"2026-03-05T19:37:20+00:00\" \/>\n<meta property=\"og:image\" content=\"http:\/\/www.ecoledubardemontreal.ca\/wp-content\/uploads\/2017\/10\/cocktail-formation-de-weekend-ebmtl.jpg\" \/>\n\t<meta property=\"og:image:width\" content=\"500\" \/>\n\t<meta property=\"og:image:height\" content=\"502\" \/>\n\t<meta property=\"og:image:type\" content=\"image\/jpeg\" \/>\n<meta name=\"twitter:card\" content=\"summary_large_image\" \/>\n<meta name=\"twitter:site\" content=\"@ecoledubarmtl\" \/>\n<script type=\"application\/ld+json\" class=\"yoast-schema-graph\">{\"@context\":\"https:\/\/schema.org\",\"@graph\":[{\"@type\":\"WebPage\",\"@id\":\"https:\/\/www.ecoledubardemontreal.ca\/en\/product\/formation-professionnelle-de-weekend-en-bartending\/\",\"url\":\"https:\/\/www.ecoledubardemontreal.ca\/en\/product\/formation-professionnelle-de-weekend-en-bartending\/\",\"name\":\"Formation professionnelle de weekend en bartending | \u00c9cole du bar de Montr\u00e9al\",\"isPartOf\":{\"@id\":\"https:\/\/www.ecoledubardemontreal.ca\/#website\"},\"primaryImageOfPage\":{\"@id\":\"https:\/\/www.ecoledubardemontreal.ca\/en\/product\/formation-professionnelle-de-weekend-en-bartending\/#primaryimage\"},\"image\":{\"@id\":\"https:\/\/www.ecoledubardemontreal.ca\/en\/product\/formation-professionnelle-de-weekend-en-bartending\/#primaryimage\"},\"thumbnailUrl\":\"https:\/\/www.ecoledubardemontreal.ca\/wp-content\/uploads\/2017\/10\/cocktail-formation-de-weekend-ebmtl.jpg\",\"datePublished\":\"2017-10-17T16:21:29+00:00\",\"dateModified\":\"2026-03-05T19:37:20+00:00\",\"description\":\"Formation professionnelle en bartending la fin de semaine, c'est possible ! Contactez l'\u00c9cole du Bar de Montr\u00e9al et r\u00e9servez votre place en ligne!\",\"breadcrumb\":{\"@id\":\"https:\/\/www.ecoledubardemontreal.ca\/en\/product\/formation-professionnelle-de-weekend-en-bartending\/#breadcrumb\"},\"inLanguage\":\"en-US\",\"potentialAction\":[{\"@type\":\"ReadAction\",\"target\":[\"https:\/\/www.ecoledubardemontreal.ca\/en\/product\/formation-professionnelle-de-weekend-en-bartending\/\"]}]},{\"@type\":\"ImageObject\",\"inLanguage\":\"en-US\",\"@id\":\"https:\/\/www.ecoledubardemontreal.ca\/en\/product\/formation-professionnelle-de-weekend-en-bartending\/#primaryimage\",\"url\":\"https:\/\/www.ecoledubardemontreal.ca\/wp-content\/uploads\/2017\/10\/cocktail-formation-de-weekend-ebmtl.jpg\",\"contentUrl\":\"https:\/\/www.ecoledubardemontreal.ca\/wp-content\/uploads\/2017\/10\/cocktail-formation-de-weekend-ebmtl.jpg\",\"width\":500,\"height\":502,\"caption\":\"cours de bartending de weekend\"},{\"@type\":\"BreadcrumbList\",\"@id\":\"https:\/\/www.ecoledubardemontreal.ca\/en\/product\/formation-professionnelle-de-weekend-en-bartending\/#breadcrumb\",\"itemListElement\":[{\"@type\":\"ListItem\",\"position\":1,\"name\":\"Accueil\",\"item\":\"https:\/\/www.ecoledubardemontreal.ca\/en\/\"},{\"@type\":\"ListItem\",\"position\":2,\"name\":\"Formations en bartending et mixologie\",\"item\":\"https:\/\/www.ecoledubardemontreal.ca\/\"},{\"@type\":\"ListItem\",\"position\":3,\"name\":\"Formation professionnelle de weekend en bartending\"}]},{\"@type\":\"WebSite\",\"@id\":\"https:\/\/www.ecoledubardemontreal.ca\/#website\",\"url\":\"https:\/\/www.ecoledubardemontreal.ca\/\",\"name\":\"\u00c9cole du bar de Montr\u00e9al\",\"description\":\"Site de l&#039;\u00e9cole du bar de Montr\u00e9al\",\"publisher\":{\"@id\":\"https:\/\/www.ecoledubardemontreal.ca\/#organization\"},\"potentialAction\":[{\"@type\":\"SearchAction\",\"target\":{\"@type\":\"EntryPoint\",\"urlTemplate\":\"https:\/\/www.ecoledubardemontreal.ca\/?s={search_term_string}\"},\"query-input\":{\"@type\":\"PropertyValueSpecification\",\"valueRequired\":true,\"valueName\":\"search_term_string\"}}],\"inLanguage\":\"en-US\"},{\"@type\":\"Organization\",\"@id\":\"https:\/\/www.ecoledubardemontreal.ca\/#organization\",\"name\":\"\u00c9cole du Bar de Montr\u00e9al | EBM\",\"url\":\"https:\/\/www.ecoledubardemontreal.ca\/\",\"logo\":{\"@type\":\"ImageObject\",\"inLanguage\":\"en-US\",\"@id\":\"https:\/\/www.ecoledubardemontreal.ca\/#\/schema\/logo\/image\/\",\"url\":\"https:\/\/www.ecoledubardemontreal.ca\/wp-content\/uploads\/2020\/07\/Logo-EBM.png\",\"contentUrl\":\"https:\/\/www.ecoledubardemontreal.ca\/wp-content\/uploads\/2020\/07\/Logo-EBM.png\",\"width\":2625,\"height\":3450,\"caption\":\"\u00c9cole du Bar de Montr\u00e9al | EBM\"},\"image\":{\"@id\":\"https:\/\/www.ecoledubardemontreal.ca\/#\/schema\/logo\/image\/\"},\"sameAs\":[\"https:\/\/www.facebook.com\/Ecoledubarmtl\/\",\"https:\/\/x.com\/ecoledubarmtl\",\"https:\/\/www.instagram.com\/Ecoledubarmtl\/\",\"https:\/\/www.linkedin.com\/company\/ebmtl\/\"]}]}<\/script>\n<!-- \/ Yoast SEO plugin. -->","yoast_head_json":{"title":"Formation professionnelle de weekend en bartending | \u00c9cole du bar de Montr\u00e9al","description":"Formation professionnelle en bartending la fin de semaine, c'est possible ! Contactez l'\u00c9cole du Bar de Montr\u00e9al et r\u00e9servez votre place en ligne!","robots":{"index":"index","follow":"follow","max-snippet":"max-snippet:-1","max-image-preview":"max-image-preview:large","max-video-preview":"max-video-preview:-1"},"canonical":"https:\/\/www.ecoledubardemontreal.ca\/en\/product\/formation-professionnelle-de-weekend-en-bartending\/","og_locale":"en_US","og_type":"article","og_title":"Formation professionnelle de weekend en bartending | \u00c9cole du bar de Montr\u00e9al","og_description":"Formation professionnelle en bartending la fin de semaine, c'est possible ! Contactez l'\u00c9cole du Bar de Montr\u00e9al et r\u00e9servez votre place en ligne!","og_url":"https:\/\/www.ecoledubardemontreal.ca\/en\/product\/formation-professionnelle-de-weekend-en-bartending\/","og_site_name":"\u00c9cole du bar de Montr\u00e9al","article_publisher":"https:\/\/www.facebook.com\/Ecoledubarmtl\/","article_modified_time":"2026-03-05T19:37:20+00:00","og_image":[{"width":500,"height":502,"url":"http:\/\/www.ecoledubardemontreal.ca\/wp-content\/uploads\/2017\/10\/cocktail-formation-de-weekend-ebmtl.jpg","type":"image\/jpeg"}],"twitter_card":"summary_large_image","twitter_site":"@ecoledubarmtl","schema":{"@context":"https:\/\/schema.org","@graph":[{"@type":"WebPage","@id":"https:\/\/www.ecoledubardemontreal.ca\/en\/product\/formation-professionnelle-de-weekend-en-bartending\/","url":"https:\/\/www.ecoledubardemontreal.ca\/en\/product\/formation-professionnelle-de-weekend-en-bartending\/","name":"Formation professionnelle de weekend en bartending | \u00c9cole du bar de Montr\u00e9al","isPartOf":{"@id":"https:\/\/www.ecoledubardemontreal.ca\/#website"},"primaryImageOfPage":{"@id":"https:\/\/www.ecoledubardemontreal.ca\/en\/product\/formation-professionnelle-de-weekend-en-bartending\/#primaryimage"},"image":{"@id":"https:\/\/www.ecoledubardemontreal.ca\/en\/product\/formation-professionnelle-de-weekend-en-bartending\/#primaryimage"},"thumbnailUrl":"https:\/\/www.ecoledubardemontreal.ca\/wp-content\/uploads\/2017\/10\/cocktail-formation-de-weekend-ebmtl.jpg","datePublished":"2017-10-17T16:21:29+00:00","dateModified":"2026-03-05T19:37:20+00:00","description":"Formation professionnelle en bartending la fin de semaine, c'est possible ! Contactez l'\u00c9cole du Bar de Montr\u00e9al et r\u00e9servez votre place en ligne!","breadcrumb":{"@id":"https:\/\/www.ecoledubardemontreal.ca\/en\/product\/formation-professionnelle-de-weekend-en-bartending\/#breadcrumb"},"inLanguage":"en-US","potentialAction":[{"@type":"ReadAction","target":["https:\/\/www.ecoledubardemontreal.ca\/en\/product\/formation-professionnelle-de-weekend-en-bartending\/"]}]},{"@type":"ImageObject","inLanguage":"en-US","@id":"https:\/\/www.ecoledubardemontreal.ca\/en\/product\/formation-professionnelle-de-weekend-en-bartending\/#primaryimage","url":"https:\/\/www.ecoledubardemontreal.ca\/wp-content\/uploads\/2017\/10\/cocktail-formation-de-weekend-ebmtl.jpg","contentUrl":"https:\/\/www.ecoledubardemontreal.ca\/wp-content\/uploads\/2017\/10\/cocktail-formation-de-weekend-ebmtl.jpg","width":500,"height":502,"caption":"cours de bartending de weekend"},{"@type":"BreadcrumbList","@id":"https:\/\/www.ecoledubardemontreal.ca\/en\/product\/formation-professionnelle-de-weekend-en-bartending\/#breadcrumb","itemListElement":[{"@type":"ListItem","position":1,"name":"Accueil","item":"https:\/\/www.ecoledubardemontreal.ca\/en\/"},{"@type":"ListItem","position":2,"name":"Formations en bartending et mixologie","item":"https:\/\/www.ecoledubardemontreal.ca\/"},{"@type":"ListItem","position":3,"name":"Formation professionnelle de weekend en bartending"}]},{"@type":"WebSite","@id":"https:\/\/www.ecoledubardemontreal.ca\/#website","url":"https:\/\/www.ecoledubardemontreal.ca\/","name":"\u00c9cole du bar de Montr\u00e9al","description":"Site de l&#039;\u00e9cole du bar de Montr\u00e9al","publisher":{"@id":"https:\/\/www.ecoledubardemontreal.ca\/#organization"},"potentialAction":[{"@type":"SearchAction","target":{"@type":"EntryPoint","urlTemplate":"https:\/\/www.ecoledubardemontreal.ca\/?s={search_term_string}"},"query-input":{"@type":"PropertyValueSpecification","valueRequired":true,"valueName":"search_term_string"}}],"inLanguage":"en-US"},{"@type":"Organization","@id":"https:\/\/www.ecoledubardemontreal.ca\/#organization","name":"\u00c9cole du Bar de Montr\u00e9al | EBM","url":"https:\/\/www.ecoledubardemontreal.ca\/","logo":{"@type":"ImageObject","inLanguage":"en-US","@id":"https:\/\/www.ecoledubardemontreal.ca\/#\/schema\/logo\/image\/","url":"https:\/\/www.ecoledubardemontreal.ca\/wp-content\/uploads\/2020\/07\/Logo-EBM.png","contentUrl":"https:\/\/www.ecoledubardemontreal.ca\/wp-content\/uploads\/2020\/07\/Logo-EBM.png","width":2625,"height":3450,"caption":"\u00c9cole du Bar de Montr\u00e9al | EBM"},"image":{"@id":"https:\/\/www.ecoledubardemontreal.ca\/#\/schema\/logo\/image\/"},"sameAs":["https:\/\/www.facebook.com\/Ecoledubarmtl\/","https:\/\/x.com\/ecoledubarmtl","https:\/\/www.instagram.com\/Ecoledubarmtl\/","https:\/\/www.linkedin.com\/company\/ebmtl\/"]}]}},"_links":{"self":[{"href":"https:\/\/www.ecoledubardemontreal.ca\/en\/wp-json\/wp\/v2\/product\/6611","targetHints":{"allow":["GET"]}}],"collection":[{"href":"https:\/\/www.ecoledubardemontreal.ca\/en\/wp-json\/wp\/v2\/product"}],"about":[{"href":"https:\/\/www.ecoledubardemontreal.ca\/en\/wp-json\/wp\/v2\/types\/product"}],"wp:featuredmedia":[{"embeddable":true,"href":"https:\/\/www.ecoledubardemontreal.ca\/en\/wp-json\/wp\/v2\/media\/3973"}],"wp:attachment":[{"href":"https:\/\/www.ecoledubardemontreal.ca\/en\/wp-json\/wp\/v2\/media?parent=6611"}],"wp:term":[{"taxonomy":"product_brand","embeddable":true,"href":"https:\/\/www.ecoledubardemontreal.ca\/en\/wp-json\/wp\/v2\/product_brand?post=6611"},{"taxonomy":"product_cat","embeddable":true,"href":"https:\/\/www.ecoledubardemontreal.ca\/en\/wp-json\/wp\/v2\/product_cat?post=6611"},{"taxonomy":"product_tag","embeddable":true,"href":"https:\/\/www.ecoledubardemontreal.ca\/en\/wp-json\/wp\/v2\/product_tag?post=6611"}],"curies":[{"name":"wp","href":"https:\/\/api.w.org\/{rel}","templated":true}]}}