{"id":2837,"date":"2017-05-25T17:30:28","date_gmt":"2017-05-25T17:30:28","guid":{"rendered":"https:\/\/www.ecoledubardemontreal.ca\/evenements-prives-et-corporatifs\/"},"modified":"2018-05-04T11:34:13","modified_gmt":"2018-05-04T15:34:13","slug":"private-corporate-events","status":"publish","type":"page","link":"https:\/\/www.ecoledubardemontreal.ca\/en\/private-corporate-events\/","title":{"rendered":"Private and Corporate Events"},"content":{"rendered":"<p>[et_pb_section bb_built=&#8221;1&#8243; fullwidth=&#8221;off&#8221; specialty=&#8221;off&#8221; _builder_version=&#8221;3.0.83&#8243; custom_padding=&#8221;0px||0px|&#8221;][et_pb_row admin_label=&#8221;row&#8221; background_position=&#8221;top_left&#8221; background_repeat=&#8221;repeat&#8221; _builder_version=&#8221;3.0.83&#8243; module_alignment=&#8221;center&#8221; make_fullwidth=&#8221;on&#8221; use_custom_gutter=&#8221;on&#8221; gutter_width=&#8221;1&#8243; background_image=&#8221;https:\/\/www.ecoledubardemontreal.ca\/wp-content\/uploads\/2017\/05\/ecole-du-bar-evenements-2.jpg&#8221; parallax_method=&#8221;off&#8221; padding_right_2=&#8221;5%&#8221; padding_left_2=&#8221;5%&#8221; parallax=&#8221;on&#8221;][et_pb_column type=&#8221;1_2&#8243;][\/et_pb_column][et_pb_column type=&#8221;1_2&#8243;][et_pb_text admin_label=&#8221;Texte intro&#8221; _builder_version=&#8221;3.2&#8243; header_font_size=&#8221;40px&#8221; header_font_size_tablet=&#8221;35px&#8221; header_font_size_phone=&#8221;20px&#8221; header_font_size_last_edited=&#8221;on|desktop&#8221; header_text_color=&#8221;#000000&#8243; text_orientation=&#8221;center&#8221; module_alignment=&#8221;center&#8221; background_color=&#8221;rgba(255,255,255,0.8)&#8221; custom_margin=&#8221;16%|5%|20%|10%&#8221; custom_padding=&#8221;30px|5%|30px|5%&#8221; use_border_color=&#8221;on&#8221; animation_style=&#8221;fade&#8221; animation_duration=&#8221;1100ms&#8221; animation_delay=&#8221;200ms&#8221; box_shadow_style=&#8221;preset6&#8243; box_shadow_color=&#8221;rgba(255,255,255,0.4)&#8221; box_shadow_position=&#8221;outer&#8221; box_shadow_blur=&#8221;28px&#8221; box_shadow_spread=&#8221;10px&#8221; header_font=&#8221;Oswald||||||||&#8221; text_font=&#8221;Oswald||||||||&#8221; text_font_size=&#8221;20px&#8221; text_text_color=&#8221;#000000&#8243; text_line_height=&#8221;1.8em&#8221; header_line_height=&#8221;1.2em&#8221; border_color_all=&#8221;#000000&#8243; border_width_all=&#8221;6px&#8221;]<\/p>\n<h1>PRIVATE EVENTS<\/h1>\n<p><img loading=\"lazy\" decoding=\"async\" class=\"alignnone wp-image-76\" src=\"https:\/\/www.ecoledubardemontreal.ca\/wp-content\/uploads\/2017\/05\/logo-ebm.png\" alt=\"logo EBM \u00c9cole du Bar de Montr\u00e9al\" width=\"253\" height=\"49\" srcset=\"https:\/\/www.ecoledubardemontreal.ca\/wp-content\/uploads\/2017\/05\/logo-ebm.png 253w, https:\/\/www.ecoledubardemontreal.ca\/wp-content\/uploads\/2017\/05\/logo-ebm-250x48.png 250w\" sizes=\"(max-width: 253px) 100vw, 253px\" \/><\/p>\n<p>\u00c9cole du Bar de Montr\u00e9al offers a large range of services which combine knowledge, expertise and social skill. Either for a wedding or a team building session or corporate event, Ecole du Bar de Montr\u00e9al and its team will use its best qualities to insure a great show and a successful reception !<\/p>\n<p><a href=\"https:\/\/www.ecoledubardemontreal.ca\/wp-content\/uploads\/2017\/05\/verre-a-margarita.svg\"><img loading=\"lazy\" decoding=\"async\" class=\"wp-image-967 aligncenter\" src=\"https:\/\/www.ecoledubardemontreal.ca\/wp-content\/uploads\/2017\/05\/verre-a-margarita.svg\" alt=\"\" width=\"150\" height=\"150\" \/><\/a><\/p>\n<p>[\/et_pb_text][et_pb_divider _builder_version=&#8221;3.0.83&#8243; height=&#8221;100px&#8221; custom_padding=&#8221;||100px|&#8221; color=&#8221;#ffffff&#8221; show_divider=&#8221;off&#8221; \/][\/et_pb_column][\/et_pb_row][et_pb_row admin_label=&#8221;row&#8221; background_position=&#8221;top_left&#8221; background_repeat=&#8221;repeat&#8221; _builder_version=&#8221;3.0.83&#8243; module_alignment=&#8221;center&#8221; make_fullwidth=&#8221;on&#8221; use_custom_gutter=&#8221;on&#8221; gutter_width=&#8221;1&#8243; background_image=&#8221;https:\/\/www.ecoledubardemontreal.ca\/wp-content\/uploads\/2017\/05\/ecole-du-bar-evenements-1.jpg&#8221; parallax=&#8221;on&#8221; parallax_method=&#8221;off&#8221; padding_right_2=&#8221;5%&#8221; padding_left_2=&#8221;5%&#8221;][et_pb_column type=&#8221;1_2&#8243;][\/et_pb_column][et_pb_column type=&#8221;1_2&#8243;][et_pb_text admin_label=&#8221;Texte d\u00e9tails&#8221; _builder_version=&#8221;3.2&#8243; header_font_size=&#8221;40px&#8221; header_font_size_tablet=&#8221;35px&#8221; header_font_size_phone=&#8221;20px&#8221; header_font_size_last_edited=&#8221;on|desktop&#8221; header_text_color=&#8221;#000000&#8243; text_orientation=&#8221;center&#8221; module_alignment=&#8221;center&#8221; background_color=&#8221;rgba(255,255,255,0.8)&#8221; custom_margin=&#8221;16%|5%|20%|10%&#8221; custom_padding=&#8221;30px|5%|30px|5%&#8221; use_border_color=&#8221;on&#8221; animation_style=&#8221;fade&#8221; animation_duration=&#8221;1200ms&#8221; animation_delay=&#8221;300ms&#8221; box_shadow_style=&#8221;preset6&#8243; box_shadow_color=&#8221;rgba(255,255,255,0.4)&#8221; box_shadow_position=&#8221;outer&#8221; box_shadow_blur=&#8221;28px&#8221; box_shadow_spread=&#8221;10px&#8221; header_font=&#8221;Oswald||||||||&#8221; text_font=&#8221;Oswald||||||||&#8221; text_font_size=&#8221;20px&#8221; text_text_color=&#8221;#000000&#8243; text_line_height=&#8221;1.8em&#8221; border_color_all=&#8221;#000000&#8243; border_width_all=&#8221;6px&#8221;]<\/p>\n<h2>PRIVATE EVENTS<\/h2>\n<p><img loading=\"lazy\" decoding=\"async\" class=\"alignnone size-full wp-image-76\" src=\"https:\/\/www.ecoledubardemontreal.ca\/wp-content\/uploads\/2017\/05\/logo-ebm.png\" alt=\"logo EBM \u00c9cole du Bar de Montr\u00e9al\" width=\"253\" height=\"49\" srcset=\"https:\/\/www.ecoledubardemontreal.ca\/wp-content\/uploads\/2017\/05\/logo-ebm.png 253w, https:\/\/www.ecoledubardemontreal.ca\/wp-content\/uploads\/2017\/05\/logo-ebm-250x48.png 250w\" sizes=\"(max-width: 253px) 100vw, 253px\" \/><\/p>\n<p class=\"p1\">Thanks to our main activity, we have the very best team, trained and hired among our own graduates. It allows us to guarantee a high quality service, a qualified team and successful events.<\/p>\n<p class=\"p1\">Whether it is for high-volume events (festivals, open-bars, banquets etc) or smaller ones, our team will meet your expectations and cater to all your particular needs.<\/p>\n<p><a href=\"https:\/\/www.ecoledubardemontreal.ca\/wp-content\/uploads\/2017\/05\/verre-a-martini.svg\"><img loading=\"lazy\" decoding=\"async\" class=\"wp-image-969 aligncenter\" src=\"https:\/\/www.ecoledubardemontreal.ca\/wp-content\/uploads\/2017\/05\/verre-a-martini.svg\" alt=\"\" width=\"150\" height=\"150\" \/><\/a><\/p>\n<p>&nbsp;<\/p>\n<p>[\/et_pb_text][et_pb_divider _builder_version=&#8221;3.0.83&#8243; height=&#8221;100px&#8221; custom_padding=&#8221;||100px|&#8221; color=&#8221;#ffffff&#8221; show_divider=&#8221;off&#8221; \/][\/et_pb_column][\/et_pb_row][\/et_pb_section]<\/p>\n","protected":false},"excerpt":{"rendered":"<p>PRIVATE EVENTS \u00c9cole du Bar de Montr\u00e9al offers a large range of services which combine knowledge, expertise and social skill. Either for a wedding or a team building session or corporate event, Ecole du Bar de Montr\u00e9al and its team will use its best qualities to insure a great show and a successful reception ! [&hellip;]<\/p>\n","protected":false},"author":1,"featured_media":0,"parent":0,"menu_order":0,"comment_status":"closed","ping_status":"closed","template":"","meta":{"_et_pb_use_builder":"on","_et_pb_old_content":"","_et_gb_content_width":"","inline_featured_image":false,"footnotes":""},"class_list":["post-2837","page","type-page","status-publish","hentry"],"yoast_head":"<!-- This site is optimized with the Yoast SEO plugin v26.8 - https:\/\/yoast.com\/product\/yoast-seo-wordpress\/ -->\n<title>Private and Corporate Events | \u00c9cole du bar de Montr\u00e9al<\/title>\n<meta name=\"description\" content=\"L\u2019\u00c9BM propose un \u00e9ventail de services qui allient savoir, savoir-faire et savoir-\u00eatre. Que ce soit \u00e0 l\u2019occasion d\u2019un mariage, d\u2019un team building ou d\u2019un \u00e9v\u00e9nement corporatif, l\u2019\u00c9cole du Bar de Montr\u00e9al et son \u00e9quipe jouera de ses meilleurs atouts pour assurer le spectacle\u00a0et la r\u00e9ussite de votre soir\u00e9e\u00a0!\" \/>\n<meta name=\"robots\" content=\"index, follow, max-snippet:-1, max-image-preview:large, max-video-preview:-1\" \/>\n<link rel=\"canonical\" href=\"https:\/\/www.ecoledubardemontreal.ca\/en\/private-corporate-events\/\" \/>\n<meta property=\"og:locale\" content=\"en_US\" \/>\n<meta property=\"og:type\" content=\"article\" \/>\n<meta property=\"og:title\" content=\"Private and Corporate Events | \u00c9cole du bar de Montr\u00e9al\" \/>\n<meta property=\"og:description\" content=\"L\u2019\u00c9BM propose un \u00e9ventail de services qui allient savoir, savoir-faire et savoir-\u00eatre. Que ce soit \u00e0 l\u2019occasion d\u2019un mariage, d\u2019un team building ou d\u2019un \u00e9v\u00e9nement corporatif, l\u2019\u00c9cole du Bar de Montr\u00e9al et son \u00e9quipe jouera de ses meilleurs atouts pour assurer le spectacle\u00a0et la r\u00e9ussite de votre soir\u00e9e\u00a0!\" \/>\n<meta property=\"og:url\" content=\"https:\/\/www.ecoledubardemontreal.ca\/en\/private-corporate-events\/\" \/>\n<meta property=\"og:site_name\" content=\"\u00c9cole du bar de Montr\u00e9al\" \/>\n<meta property=\"article:publisher\" content=\"https:\/\/www.facebook.com\/Ecoledubarmtl\/\" \/>\n<meta property=\"article:modified_time\" content=\"2018-05-04T15:34:13+00:00\" \/>\n<meta property=\"og:image\" content=\"https:\/\/www.ecoledubardemontreal.ca\/wp-content\/uploads\/2017\/05\/logo-ebm.png\" \/>\n<meta name=\"twitter:card\" content=\"summary_large_image\" \/>\n<meta name=\"twitter:site\" content=\"@ecoledubarmtl\" \/>\n<meta name=\"twitter:label1\" content=\"Est. reading time\" \/>\n\t<meta name=\"twitter:data1\" content=\"3 minutes\" \/>\n<script type=\"application\/ld+json\" class=\"yoast-schema-graph\">{\"@context\":\"https:\/\/schema.org\",\"@graph\":[{\"@type\":\"WebPage\",\"@id\":\"https:\/\/www.ecoledubardemontreal.ca\/en\/private-corporate-events\/\",\"url\":\"https:\/\/www.ecoledubardemontreal.ca\/en\/private-corporate-events\/\",\"name\":\"Private and Corporate Events | \u00c9cole du bar de Montr\u00e9al\",\"isPartOf\":{\"@id\":\"https:\/\/www.ecoledubardemontreal.ca\/#website\"},\"primaryImageOfPage\":{\"@id\":\"https:\/\/www.ecoledubardemontreal.ca\/en\/private-corporate-events\/#primaryimage\"},\"image\":{\"@id\":\"https:\/\/www.ecoledubardemontreal.ca\/en\/private-corporate-events\/#primaryimage\"},\"thumbnailUrl\":\"https:\/\/www.ecoledubardemontreal.ca\/wp-content\/uploads\/2017\/05\/logo-ebm.png\",\"datePublished\":\"2017-05-25T17:30:28+00:00\",\"dateModified\":\"2018-05-04T15:34:13+00:00\",\"description\":\"L\u2019\u00c9BM propose un \u00e9ventail de services qui allient savoir, savoir-faire et savoir-\u00eatre. Que ce soit \u00e0 l\u2019occasion d\u2019un mariage, d\u2019un team building ou d\u2019un \u00e9v\u00e9nement corporatif, l\u2019\u00c9cole du Bar de Montr\u00e9al et son \u00e9quipe jouera de ses meilleurs atouts pour assurer le spectacle\u00a0et la r\u00e9ussite de votre soir\u00e9e\u00a0!\",\"breadcrumb\":{\"@id\":\"https:\/\/www.ecoledubardemontreal.ca\/en\/private-corporate-events\/#breadcrumb\"},\"inLanguage\":\"en-US\",\"potentialAction\":[{\"@type\":\"ReadAction\",\"target\":[\"https:\/\/www.ecoledubardemontreal.ca\/en\/private-corporate-events\/\"]}]},{\"@type\":\"ImageObject\",\"inLanguage\":\"en-US\",\"@id\":\"https:\/\/www.ecoledubardemontreal.ca\/en\/private-corporate-events\/#primaryimage\",\"url\":\"https:\/\/www.ecoledubardemontreal.ca\/wp-content\/uploads\/2017\/05\/logo-ebm.png\",\"contentUrl\":\"https:\/\/www.ecoledubardemontreal.ca\/wp-content\/uploads\/2017\/05\/logo-ebm.png\"},{\"@type\":\"BreadcrumbList\",\"@id\":\"https:\/\/www.ecoledubardemontreal.ca\/en\/private-corporate-events\/#breadcrumb\",\"itemListElement\":[{\"@type\":\"ListItem\",\"position\":1,\"name\":\"Accueil\",\"item\":\"https:\/\/www.ecoledubardemontreal.ca\/en\/\"},{\"@type\":\"ListItem\",\"position\":2,\"name\":\"Private and Corporate Events\"}]},{\"@type\":\"WebSite\",\"@id\":\"https:\/\/www.ecoledubardemontreal.ca\/#website\",\"url\":\"https:\/\/www.ecoledubardemontreal.ca\/\",\"name\":\"\u00c9cole du bar de Montr\u00e9al\",\"description\":\"Site de l&#039;\u00e9cole du bar de Montr\u00e9al\",\"publisher\":{\"@id\":\"https:\/\/www.ecoledubardemontreal.ca\/#organization\"},\"potentialAction\":[{\"@type\":\"SearchAction\",\"target\":{\"@type\":\"EntryPoint\",\"urlTemplate\":\"https:\/\/www.ecoledubardemontreal.ca\/?s={search_term_string}\"},\"query-input\":{\"@type\":\"PropertyValueSpecification\",\"valueRequired\":true,\"valueName\":\"search_term_string\"}}],\"inLanguage\":\"en-US\"},{\"@type\":\"Organization\",\"@id\":\"https:\/\/www.ecoledubardemontreal.ca\/#organization\",\"name\":\"\u00c9cole du Bar de Montr\u00e9al | EBM\",\"url\":\"https:\/\/www.ecoledubardemontreal.ca\/\",\"logo\":{\"@type\":\"ImageObject\",\"inLanguage\":\"en-US\",\"@id\":\"https:\/\/www.ecoledubardemontreal.ca\/#\/schema\/logo\/image\/\",\"url\":\"https:\/\/www.ecoledubardemontreal.ca\/wp-content\/uploads\/2020\/07\/Logo-EBM.png\",\"contentUrl\":\"https:\/\/www.ecoledubardemontreal.ca\/wp-content\/uploads\/2020\/07\/Logo-EBM.png\",\"width\":2625,\"height\":3450,\"caption\":\"\u00c9cole du Bar de Montr\u00e9al | EBM\"},\"image\":{\"@id\":\"https:\/\/www.ecoledubardemontreal.ca\/#\/schema\/logo\/image\/\"},\"sameAs\":[\"https:\/\/www.facebook.com\/Ecoledubarmtl\/\",\"https:\/\/x.com\/ecoledubarmtl\",\"https:\/\/www.instagram.com\/Ecoledubarmtl\/\",\"https:\/\/www.linkedin.com\/company\/ebmtl\/\"]}]}<\/script>\n<!-- \/ Yoast SEO plugin. -->","yoast_head_json":{"title":"Private and Corporate Events | \u00c9cole du bar de Montr\u00e9al","description":"L\u2019\u00c9BM propose un \u00e9ventail de services qui allient savoir, savoir-faire et savoir-\u00eatre. Que ce soit \u00e0 l\u2019occasion d\u2019un mariage, d\u2019un team building ou d\u2019un \u00e9v\u00e9nement corporatif, l\u2019\u00c9cole du Bar de Montr\u00e9al et son \u00e9quipe jouera de ses meilleurs atouts pour assurer le spectacle\u00a0et la r\u00e9ussite de votre soir\u00e9e\u00a0!","robots":{"index":"index","follow":"follow","max-snippet":"max-snippet:-1","max-image-preview":"max-image-preview:large","max-video-preview":"max-video-preview:-1"},"canonical":"https:\/\/www.ecoledubardemontreal.ca\/en\/private-corporate-events\/","og_locale":"en_US","og_type":"article","og_title":"Private and Corporate Events | \u00c9cole du bar de Montr\u00e9al","og_description":"L\u2019\u00c9BM propose un \u00e9ventail de services qui allient savoir, savoir-faire et savoir-\u00eatre. Que ce soit \u00e0 l\u2019occasion d\u2019un mariage, d\u2019un team building ou d\u2019un \u00e9v\u00e9nement corporatif, l\u2019\u00c9cole du Bar de Montr\u00e9al et son \u00e9quipe jouera de ses meilleurs atouts pour assurer le spectacle\u00a0et la r\u00e9ussite de votre soir\u00e9e\u00a0!","og_url":"https:\/\/www.ecoledubardemontreal.ca\/en\/private-corporate-events\/","og_site_name":"\u00c9cole du bar de Montr\u00e9al","article_publisher":"https:\/\/www.facebook.com\/Ecoledubarmtl\/","article_modified_time":"2018-05-04T15:34:13+00:00","og_image":[{"url":"https:\/\/www.ecoledubardemontreal.ca\/wp-content\/uploads\/2017\/05\/logo-ebm.png","type":"","width":"","height":""}],"twitter_card":"summary_large_image","twitter_site":"@ecoledubarmtl","twitter_misc":{"Est. reading time":"3 minutes"},"schema":{"@context":"https:\/\/schema.org","@graph":[{"@type":"WebPage","@id":"https:\/\/www.ecoledubardemontreal.ca\/en\/private-corporate-events\/","url":"https:\/\/www.ecoledubardemontreal.ca\/en\/private-corporate-events\/","name":"Private and Corporate Events | \u00c9cole du bar de Montr\u00e9al","isPartOf":{"@id":"https:\/\/www.ecoledubardemontreal.ca\/#website"},"primaryImageOfPage":{"@id":"https:\/\/www.ecoledubardemontreal.ca\/en\/private-corporate-events\/#primaryimage"},"image":{"@id":"https:\/\/www.ecoledubardemontreal.ca\/en\/private-corporate-events\/#primaryimage"},"thumbnailUrl":"https:\/\/www.ecoledubardemontreal.ca\/wp-content\/uploads\/2017\/05\/logo-ebm.png","datePublished":"2017-05-25T17:30:28+00:00","dateModified":"2018-05-04T15:34:13+00:00","description":"L\u2019\u00c9BM propose un \u00e9ventail de services qui allient savoir, savoir-faire et savoir-\u00eatre. Que ce soit \u00e0 l\u2019occasion d\u2019un mariage, d\u2019un team building ou d\u2019un \u00e9v\u00e9nement corporatif, l\u2019\u00c9cole du Bar de Montr\u00e9al et son \u00e9quipe jouera de ses meilleurs atouts pour assurer le spectacle\u00a0et la r\u00e9ussite de votre soir\u00e9e\u00a0!","breadcrumb":{"@id":"https:\/\/www.ecoledubardemontreal.ca\/en\/private-corporate-events\/#breadcrumb"},"inLanguage":"en-US","potentialAction":[{"@type":"ReadAction","target":["https:\/\/www.ecoledubardemontreal.ca\/en\/private-corporate-events\/"]}]},{"@type":"ImageObject","inLanguage":"en-US","@id":"https:\/\/www.ecoledubardemontreal.ca\/en\/private-corporate-events\/#primaryimage","url":"https:\/\/www.ecoledubardemontreal.ca\/wp-content\/uploads\/2017\/05\/logo-ebm.png","contentUrl":"https:\/\/www.ecoledubardemontreal.ca\/wp-content\/uploads\/2017\/05\/logo-ebm.png"},{"@type":"BreadcrumbList","@id":"https:\/\/www.ecoledubardemontreal.ca\/en\/private-corporate-events\/#breadcrumb","itemListElement":[{"@type":"ListItem","position":1,"name":"Accueil","item":"https:\/\/www.ecoledubardemontreal.ca\/en\/"},{"@type":"ListItem","position":2,"name":"Private and Corporate Events"}]},{"@type":"WebSite","@id":"https:\/\/www.ecoledubardemontreal.ca\/#website","url":"https:\/\/www.ecoledubardemontreal.ca\/","name":"\u00c9cole du bar de Montr\u00e9al","description":"Site de l&#039;\u00e9cole du bar de Montr\u00e9al","publisher":{"@id":"https:\/\/www.ecoledubardemontreal.ca\/#organization"},"potentialAction":[{"@type":"SearchAction","target":{"@type":"EntryPoint","urlTemplate":"https:\/\/www.ecoledubardemontreal.ca\/?s={search_term_string}"},"query-input":{"@type":"PropertyValueSpecification","valueRequired":true,"valueName":"search_term_string"}}],"inLanguage":"en-US"},{"@type":"Organization","@id":"https:\/\/www.ecoledubardemontreal.ca\/#organization","name":"\u00c9cole du Bar de Montr\u00e9al | EBM","url":"https:\/\/www.ecoledubardemontreal.ca\/","logo":{"@type":"ImageObject","inLanguage":"en-US","@id":"https:\/\/www.ecoledubardemontreal.ca\/#\/schema\/logo\/image\/","url":"https:\/\/www.ecoledubardemontreal.ca\/wp-content\/uploads\/2020\/07\/Logo-EBM.png","contentUrl":"https:\/\/www.ecoledubardemontreal.ca\/wp-content\/uploads\/2020\/07\/Logo-EBM.png","width":2625,"height":3450,"caption":"\u00c9cole du Bar de Montr\u00e9al | EBM"},"image":{"@id":"https:\/\/www.ecoledubardemontreal.ca\/#\/schema\/logo\/image\/"},"sameAs":["https:\/\/www.facebook.com\/Ecoledubarmtl\/","https:\/\/x.com\/ecoledubarmtl","https:\/\/www.instagram.com\/Ecoledubarmtl\/","https:\/\/www.linkedin.com\/company\/ebmtl\/"]}]}},"_links":{"self":[{"href":"https:\/\/www.ecoledubardemontreal.ca\/en\/wp-json\/wp\/v2\/pages\/2837","targetHints":{"allow":["GET"]}}],"collection":[{"href":"https:\/\/www.ecoledubardemontreal.ca\/en\/wp-json\/wp\/v2\/pages"}],"about":[{"href":"https:\/\/www.ecoledubardemontreal.ca\/en\/wp-json\/wp\/v2\/types\/page"}],"author":[{"embeddable":true,"href":"https:\/\/www.ecoledubardemontreal.ca\/en\/wp-json\/wp\/v2\/users\/1"}],"replies":[{"embeddable":true,"href":"https:\/\/www.ecoledubardemontreal.ca\/en\/wp-json\/wp\/v2\/comments?post=2837"}],"version-history":[{"count":0,"href":"https:\/\/www.ecoledubardemontreal.ca\/en\/wp-json\/wp\/v2\/pages\/2837\/revisions"}],"wp:attachment":[{"href":"https:\/\/www.ecoledubardemontreal.ca\/en\/wp-json\/wp\/v2\/media?parent=2837"}],"curies":[{"name":"wp","href":"https:\/\/api.w.org\/{rel}","templated":true}]}}