{"id":2829,"date":"2018-04-29T16:59:52","date_gmt":"2018-04-29T20:59:52","guid":{"rendered":"https:\/\/www.ecoledubardemontreal.ca\/les-bars-affilies\/"},"modified":"2022-12-08T17:43:14","modified_gmt":"2022-12-08T22:43:14","slug":"affiliated-bars","status":"publish","type":"page","link":"https:\/\/www.ecoledubardemontreal.ca\/en\/affiliated-bars\/","title":{"rendered":"Affiliated Bars"},"content":{"rendered":"<p>[et_pb_section fb_built=&#8221;1&#8243; fullwidth=&#8221;on&#8221; module_class=&#8221;yg-kenburns-header-4&#8243; _builder_version=&#8221;4.14.8&#8243; background_color=&#8221;rgba(255,255,255,0)&#8221; parallax=&#8221;on&#8221; parallax_method=&#8221;off&#8221; hover_enabled=&#8221;0&#8243; global_colors_info=&#8221;{}&#8221; title_text=&#8221;le-4e-mur-speakeasy-bar-montreal-1&#8243; background_image=&#8221;https:\/\/www.ecoledubardemontreal.ca\/wp-content\/uploads\/2022\/03\/le-4e-mur-speakeasy-bar-montreal-1.jpeg&#8221; sticky_enabled=&#8221;0&#8243;][et_pb_fullwidth_header title=&#8221;OUR BAR &#8211; LE 4\u00c8ME MUR&#8221; header_fullscreen=&#8221;on&#8221; background_overlay_color=&#8221;rgba(255,255,255,0)&#8221; admin_label=&#8221;En-t\u00eate plein \u00e9cran affiliated bars&#8221; module_id=&#8221;yg-kenburns-header-4&#8243; _builder_version=&#8221;4.14.8&#8243; title_font=&#8221;Oswald||||||||&#8221; title_text_color=&#8221;#ffffff&#8221; title_letter_spacing=&#8221;1px&#8221; title_line_height=&#8221;1.2em&#8221; content_text_color=&#8221;#ffffff&#8221; content_font_size=&#8221;18px&#8221; content_letter_spacing=&#8221;1px&#8221; content_line_height=&#8221;1.2em&#8221; background_color=&#8221;rgba(255, 255, 255, 0)&#8221; background_layout=&#8221;light&#8221; animation_style=&#8221;fade&#8221; animation_delay=&#8221;400ms&#8221; animation_speed_curve=&#8221;ease-in&#8221; hover_enabled=&#8221;0&#8243; title_letter_spacing_tablet=&#8221;&#8221; title_letter_spacing_phone=&#8221;0px&#8221; title_letter_spacing_last_edited=&#8221;on|phone&#8221; global_colors_info=&#8221;{}&#8221; button_one_text_size__hover_enabled=&#8221;off&#8221; button_two_text_size__hover_enabled=&#8221;off&#8221; button_one_text_color__hover_enabled=&#8221;off&#8221; button_two_text_color__hover_enabled=&#8221;off&#8221; button_one_border_width__hover_enabled=&#8221;off&#8221; button_two_border_width__hover_enabled=&#8221;off&#8221; button_one_border_color__hover_enabled=&#8221;off&#8221; button_two_border_color__hover_enabled=&#8221;off&#8221; button_one_border_radius__hover_enabled=&#8221;off&#8221; button_two_border_radius__hover_enabled=&#8221;off&#8221; button_one_letter_spacing__hover_enabled=&#8221;off&#8221; button_two_letter_spacing__hover_enabled=&#8221;off&#8221; button_one_bg_color__hover_enabled=&#8221;off&#8221; button_two_bg_color__hover_enabled=&#8221;off&#8221; sticky_enabled=&#8221;0&#8243;]<\/p>\n<p><img loading=\"lazy\" decoding=\"async\" class=\"alignnone size-full wp-image-76\" src=\"https:\/\/www.ecoledubardemontreal.ca\/wp-content\/uploads\/2017\/05\/logo-ebm.png\" alt=\"logo EBM \u00c9cole du Bar de Montr\u00e9al\" width=\"253\" height=\"49\" srcset=\"https:\/\/www.ecoledubardemontreal.ca\/wp-content\/uploads\/2017\/05\/logo-ebm.png 253w, https:\/\/www.ecoledubardemontreal.ca\/wp-content\/uploads\/2017\/05\/logo-ebm-250x48.png 250w\" sizes=\"(max-width: 253px) 100vw, 253px\" \/><\/p>\n<p>&nbsp;<\/p>\n<p><img loading=\"lazy\" decoding=\"async\" class=\"alignleft wp-image-382\" src=\"https:\/\/www.ecoledubardemontreal.ca\/wp-content\/uploads\/2017\/05\/fleche-vers-le-bas-2.svg\" alt=\"\" width=\"150\" height=\"150\" \/><\/p>\n<p>[\/et_pb_fullwidth_header][\/et_pb_section][et_pb_section fb_built=&#8221;1&#8243; _builder_version=&#8221;3.22&#8243; background_color=&#8221;#f7901e&#8221; parallax=&#8221;on&#8221; parallax_method=&#8221;off&#8221; custom_margin=&#8221;|0px||0px&#8221; custom_padding=&#8221;|0px||0px&#8221; global_colors_info=&#8221;{}&#8221;][et_pb_row use_custom_gutter=&#8221;on&#8221; gutter_width=&#8221;2&#8243; make_equal=&#8221;on&#8221; module_class=&#8221; et_pb_row_fullwidth&#8221; _builder_version=&#8221;3.25&#8243; width=&#8221;94%&#8221; width_tablet=&#8221;80%&#8221; width_last_edited=&#8221;on|desktop&#8221; max_width=&#8221;94%&#8221; max_width_tablet=&#8221;80%&#8221; max_width_last_edited=&#8221;on|desktop&#8221; make_fullwidth=&#8221;on&#8221; global_colors_info=&#8221;{}&#8221; column_structure=&#8221;1_3,1_3,1_3&#8243; width_phone=&#8221;80%&#8221; max_width_phone=&#8221;80%&#8221;][et_pb_column type=&#8221;1_3&#8243; _builder_version=&#8221;3.25&#8243; custom_padding=&#8221;|15px||30px&#8221; global_colors_info=&#8221;{}&#8221; custom_padding__hover=&#8221;|||&#8221;][\/et_pb_column][et_pb_column type=&#8221;1_3&#8243; _builder_version=&#8221;3.25&#8243; custom_padding=&#8221;|15px||15px&#8221; global_colors_info=&#8221;{}&#8221; custom_padding__hover=&#8221;|||&#8221;][et_pb_testimonial author=&#8221;Le 4\u00e8me Mur&#8221; company_name=&#8221;Secret Address &#8211; click here&#8221; url=&#8221;http:\/\/le4emur.com\/&#8221; url_new_window=&#8221;on&#8221; portrait_url=&#8221;https:\/\/www.ecoledubardemontreal.ca\/wp-content\/uploads\/2018\/04\/bar-le-4eme-mur-de-montreal-4.png&#8221; quote_icon=&#8221;off&#8221; portrait_width=&#8221;200&#8243; portrait_height=&#8221;200&#8243; admin_label=&#8221;4eme mur&#8221; _builder_version=&#8221;3.6&#8243; body_text_color=&#8221;#000000&#8243; body_font_size=&#8221;16&#8243; body_line_height=&#8221;1.7em&#8221; text_orientation=&#8221;center&#8221; custom_margin=&#8221;||20px|&#8221; custom_padding=&#8221;30px|30px|20px|30px&#8221; custom_css_testimonial_author=&#8221;font-size: 24px;&#8221; border_width_all=&#8221;2px&#8221; border_color_all=&#8221;#000000&#8243; border_radii_portrait=&#8221;on|100px|100px|100px|100px&#8221; box_shadow_style_image=&#8221;preset2&#8243; box_shadow_blur_image=&#8221;28px&#8221; box_shadow_spread_image=&#8221;4px&#8221; box_shadow_color_image=&#8221;rgba(255,255,255,0.3)&#8221; use_border_color=&#8221;on&#8221; saved_tabs=&#8221;all&#8221; global_colors_info=&#8221;{}&#8221;]<\/p>\n<p>LE 4E MUR is the first &#8220;<em>secret <\/em>&#8221; cocktail bar in Montreal. Hidden 7 days a week behind a private detective front, the bar immerses you in the era of the American Prohibition. You can bathe in live Jazz music, admire the Burlesque performances by Lady Jos\u00e9phine as well as enjoy an exemplary service and a warm welcome. We serve cocktails of course, sophisticated dishes, imported wines and beers from Quebec\u2019s micro-breweries.<\/p>\n<p>[\/et_pb_testimonial][et_pb_button button_url=&#8221;https:\/\/www.instagram.com\/4emur\/&#8221; url_new_window=&#8221;on&#8221; button_text=&#8221;Instagram 4\u00e8me Mur&#8221; button_alignment=&#8221;center&#8221; admin_label=&#8221;Instagram 4eme mur&#8221; _builder_version=&#8221;4.13.0&#8243; custom_button=&#8221;on&#8221; button_text_color=&#8221;#000000&#8243; button_bg_color=&#8221;#ffffff&#8221; button_border_color=&#8221;#000000&#8243; button_use_icon=&#8221;off&#8221; button_text_color_hover=&#8221;#ffffff&#8221; button_border_color_hover=&#8221;#ffffff&#8221; button_bg_color_hover=&#8221;rgba(255,255,255,0)&#8221; global_colors_info=&#8221;{}&#8221; button_text_size__hover_enabled=&#8221;off&#8221; button_one_text_size__hover_enabled=&#8221;off&#8221; button_two_text_size__hover_enabled=&#8221;off&#8221; button_text_color__hover_enabled=&#8221;on&#8221; button_text_color__hover=&#8221;#ffffff&#8221; button_one_text_color__hover_enabled=&#8221;off&#8221; button_two_text_color__hover_enabled=&#8221;off&#8221; button_border_width__hover_enabled=&#8221;off&#8221; button_one_border_width__hover_enabled=&#8221;off&#8221; button_two_border_width__hover_enabled=&#8221;off&#8221; button_border_color__hover_enabled=&#8221;on&#8221; button_border_color__hover=&#8221;#ffffff&#8221; button_one_border_color__hover_enabled=&#8221;off&#8221; button_two_border_color__hover_enabled=&#8221;off&#8221; button_border_radius__hover_enabled=&#8221;off&#8221; button_one_border_radius__hover_enabled=&#8221;off&#8221; button_two_border_radius__hover_enabled=&#8221;off&#8221; button_letter_spacing__hover_enabled=&#8221;off&#8221; button_one_letter_spacing__hover_enabled=&#8221;off&#8221; button_two_letter_spacing__hover_enabled=&#8221;off&#8221; button_bg_color__hover_enabled=&#8221;on&#8221; button_bg_color__hover=&#8221;rgba(255,255,255,0)&#8221; button_one_bg_color__hover_enabled=&#8221;off&#8221; button_two_bg_color__hover_enabled=&#8221;off&#8221;][\/et_pb_button][\/et_pb_column][et_pb_column type=&#8221;1_3&#8243; _builder_version=&#8221;3.25&#8243; custom_padding=&#8221;|15px||15px&#8221; global_colors_info=&#8221;{}&#8221; custom_padding__hover=&#8221;|||&#8221;][\/et_pb_column][\/et_pb_row][\/et_pb_section]<\/p>\n","protected":false},"excerpt":{"rendered":"<p>&nbsp; LE 4E MUR is the first &#8220;secret &#8221; cocktail bar in Montreal. Hidden 7 days a week behind a private detective front, the bar immerses you in the era of the American Prohibition. You can bathe in live Jazz music, admire the Burlesque performances by Lady Jos\u00e9phine as well as enjoy an exemplary service [&hellip;]<\/p>\n","protected":false},"author":1,"featured_media":0,"parent":0,"menu_order":0,"comment_status":"closed","ping_status":"closed","template":"","meta":{"_et_pb_use_builder":"on","_et_pb_old_content":"","_et_gb_content_width":"","inline_featured_image":false,"footnotes":""},"class_list":["post-2829","page","type-page","status-publish","hentry"],"yoast_head":"<!-- This site is optimized with the Yoast SEO plugin v26.8 - https:\/\/yoast.com\/product\/yoast-seo-wordpress\/ -->\n<title>Affiliated Bars | \u00c9cole du bar de Montr\u00e9al<\/title>\n<meta name=\"robots\" content=\"index, follow, max-snippet:-1, max-image-preview:large, max-video-preview:-1\" \/>\n<link rel=\"canonical\" href=\"https:\/\/www.ecoledubardemontreal.ca\/en\/affiliated-bars\/\" \/>\n<meta property=\"og:locale\" content=\"en_US\" \/>\n<meta property=\"og:type\" content=\"article\" \/>\n<meta property=\"og:title\" content=\"Affiliated Bars | \u00c9cole du bar de Montr\u00e9al\" \/>\n<meta property=\"og:description\" content=\"&nbsp; LE 4E MUR is the first &quot;secret &quot; cocktail bar in Montreal. Hidden 7 days a week behind a private detective front, the bar immerses you in the era of the American Prohibition. You can bathe in live Jazz music, admire the Burlesque performances by Lady Jos\u00e9phine as well as enjoy an exemplary service [&hellip;]\" \/>\n<meta property=\"og:url\" content=\"https:\/\/www.ecoledubardemontreal.ca\/en\/affiliated-bars\/\" \/>\n<meta property=\"og:site_name\" content=\"\u00c9cole du bar de Montr\u00e9al\" \/>\n<meta property=\"article:publisher\" content=\"https:\/\/www.facebook.com\/Ecoledubarmtl\/\" \/>\n<meta property=\"article:modified_time\" content=\"2022-12-08T22:43:14+00:00\" \/>\n<meta property=\"og:image\" content=\"https:\/\/www.ecoledubardemontreal.ca\/wp-content\/uploads\/2017\/05\/logo-ebm.png\" \/>\n<meta name=\"twitter:card\" content=\"summary_large_image\" \/>\n<meta name=\"twitter:site\" content=\"@ecoledubarmtl\" \/>\n<meta name=\"twitter:label1\" content=\"Est. reading time\" \/>\n\t<meta name=\"twitter:data1\" content=\"4 minutes\" \/>\n<script type=\"application\/ld+json\" class=\"yoast-schema-graph\">{\"@context\":\"https:\/\/schema.org\",\"@graph\":[{\"@type\":\"WebPage\",\"@id\":\"https:\/\/www.ecoledubardemontreal.ca\/en\/affiliated-bars\/\",\"url\":\"https:\/\/www.ecoledubardemontreal.ca\/en\/affiliated-bars\/\",\"name\":\"Affiliated Bars | \u00c9cole du bar de Montr\u00e9al\",\"isPartOf\":{\"@id\":\"https:\/\/www.ecoledubardemontreal.ca\/#website\"},\"primaryImageOfPage\":{\"@id\":\"https:\/\/www.ecoledubardemontreal.ca\/en\/affiliated-bars\/#primaryimage\"},\"image\":{\"@id\":\"https:\/\/www.ecoledubardemontreal.ca\/en\/affiliated-bars\/#primaryimage\"},\"thumbnailUrl\":\"https:\/\/www.ecoledubardemontreal.ca\/wp-content\/uploads\/2017\/05\/logo-ebm.png\",\"datePublished\":\"2018-04-29T20:59:52+00:00\",\"dateModified\":\"2022-12-08T22:43:14+00:00\",\"breadcrumb\":{\"@id\":\"https:\/\/www.ecoledubardemontreal.ca\/en\/affiliated-bars\/#breadcrumb\"},\"inLanguage\":\"en-US\",\"potentialAction\":[{\"@type\":\"ReadAction\",\"target\":[\"https:\/\/www.ecoledubardemontreal.ca\/en\/affiliated-bars\/\"]}]},{\"@type\":\"ImageObject\",\"inLanguage\":\"en-US\",\"@id\":\"https:\/\/www.ecoledubardemontreal.ca\/en\/affiliated-bars\/#primaryimage\",\"url\":\"https:\/\/www.ecoledubardemontreal.ca\/wp-content\/uploads\/2017\/05\/logo-ebm.png\",\"contentUrl\":\"https:\/\/www.ecoledubardemontreal.ca\/wp-content\/uploads\/2017\/05\/logo-ebm.png\"},{\"@type\":\"BreadcrumbList\",\"@id\":\"https:\/\/www.ecoledubardemontreal.ca\/en\/affiliated-bars\/#breadcrumb\",\"itemListElement\":[{\"@type\":\"ListItem\",\"position\":1,\"name\":\"Accueil\",\"item\":\"https:\/\/www.ecoledubardemontreal.ca\/en\/\"},{\"@type\":\"ListItem\",\"position\":2,\"name\":\"Affiliated Bars\"}]},{\"@type\":\"WebSite\",\"@id\":\"https:\/\/www.ecoledubardemontreal.ca\/#website\",\"url\":\"https:\/\/www.ecoledubardemontreal.ca\/\",\"name\":\"\u00c9cole du bar de Montr\u00e9al\",\"description\":\"Site de l&#039;\u00e9cole du bar de Montr\u00e9al\",\"publisher\":{\"@id\":\"https:\/\/www.ecoledubardemontreal.ca\/#organization\"},\"potentialAction\":[{\"@type\":\"SearchAction\",\"target\":{\"@type\":\"EntryPoint\",\"urlTemplate\":\"https:\/\/www.ecoledubardemontreal.ca\/?s={search_term_string}\"},\"query-input\":{\"@type\":\"PropertyValueSpecification\",\"valueRequired\":true,\"valueName\":\"search_term_string\"}}],\"inLanguage\":\"en-US\"},{\"@type\":\"Organization\",\"@id\":\"https:\/\/www.ecoledubardemontreal.ca\/#organization\",\"name\":\"\u00c9cole du Bar de Montr\u00e9al | EBM\",\"url\":\"https:\/\/www.ecoledubardemontreal.ca\/\",\"logo\":{\"@type\":\"ImageObject\",\"inLanguage\":\"en-US\",\"@id\":\"https:\/\/www.ecoledubardemontreal.ca\/#\/schema\/logo\/image\/\",\"url\":\"https:\/\/www.ecoledubardemontreal.ca\/wp-content\/uploads\/2020\/07\/Logo-EBM.png\",\"contentUrl\":\"https:\/\/www.ecoledubardemontreal.ca\/wp-content\/uploads\/2020\/07\/Logo-EBM.png\",\"width\":2625,\"height\":3450,\"caption\":\"\u00c9cole du Bar de Montr\u00e9al | EBM\"},\"image\":{\"@id\":\"https:\/\/www.ecoledubardemontreal.ca\/#\/schema\/logo\/image\/\"},\"sameAs\":[\"https:\/\/www.facebook.com\/Ecoledubarmtl\/\",\"https:\/\/x.com\/ecoledubarmtl\",\"https:\/\/www.instagram.com\/Ecoledubarmtl\/\",\"https:\/\/www.linkedin.com\/company\/ebmtl\/\"]}]}<\/script>\n<!-- \/ Yoast SEO plugin. -->","yoast_head_json":{"title":"Affiliated Bars | \u00c9cole du bar de Montr\u00e9al","robots":{"index":"index","follow":"follow","max-snippet":"max-snippet:-1","max-image-preview":"max-image-preview:large","max-video-preview":"max-video-preview:-1"},"canonical":"https:\/\/www.ecoledubardemontreal.ca\/en\/affiliated-bars\/","og_locale":"en_US","og_type":"article","og_title":"Affiliated Bars | \u00c9cole du bar de Montr\u00e9al","og_description":"&nbsp; LE 4E MUR is the first \"secret \" cocktail bar in Montreal. Hidden 7 days a week behind a private detective front, the bar immerses you in the era of the American Prohibition. You can bathe in live Jazz music, admire the Burlesque performances by Lady Jos\u00e9phine as well as enjoy an exemplary service [&hellip;]","og_url":"https:\/\/www.ecoledubardemontreal.ca\/en\/affiliated-bars\/","og_site_name":"\u00c9cole du bar de Montr\u00e9al","article_publisher":"https:\/\/www.facebook.com\/Ecoledubarmtl\/","article_modified_time":"2022-12-08T22:43:14+00:00","og_image":[{"url":"https:\/\/www.ecoledubardemontreal.ca\/wp-content\/uploads\/2017\/05\/logo-ebm.png","type":"","width":"","height":""}],"twitter_card":"summary_large_image","twitter_site":"@ecoledubarmtl","twitter_misc":{"Est. reading time":"4 minutes"},"schema":{"@context":"https:\/\/schema.org","@graph":[{"@type":"WebPage","@id":"https:\/\/www.ecoledubardemontreal.ca\/en\/affiliated-bars\/","url":"https:\/\/www.ecoledubardemontreal.ca\/en\/affiliated-bars\/","name":"Affiliated Bars | \u00c9cole du bar de Montr\u00e9al","isPartOf":{"@id":"https:\/\/www.ecoledubardemontreal.ca\/#website"},"primaryImageOfPage":{"@id":"https:\/\/www.ecoledubardemontreal.ca\/en\/affiliated-bars\/#primaryimage"},"image":{"@id":"https:\/\/www.ecoledubardemontreal.ca\/en\/affiliated-bars\/#primaryimage"},"thumbnailUrl":"https:\/\/www.ecoledubardemontreal.ca\/wp-content\/uploads\/2017\/05\/logo-ebm.png","datePublished":"2018-04-29T20:59:52+00:00","dateModified":"2022-12-08T22:43:14+00:00","breadcrumb":{"@id":"https:\/\/www.ecoledubardemontreal.ca\/en\/affiliated-bars\/#breadcrumb"},"inLanguage":"en-US","potentialAction":[{"@type":"ReadAction","target":["https:\/\/www.ecoledubardemontreal.ca\/en\/affiliated-bars\/"]}]},{"@type":"ImageObject","inLanguage":"en-US","@id":"https:\/\/www.ecoledubardemontreal.ca\/en\/affiliated-bars\/#primaryimage","url":"https:\/\/www.ecoledubardemontreal.ca\/wp-content\/uploads\/2017\/05\/logo-ebm.png","contentUrl":"https:\/\/www.ecoledubardemontreal.ca\/wp-content\/uploads\/2017\/05\/logo-ebm.png"},{"@type":"BreadcrumbList","@id":"https:\/\/www.ecoledubardemontreal.ca\/en\/affiliated-bars\/#breadcrumb","itemListElement":[{"@type":"ListItem","position":1,"name":"Accueil","item":"https:\/\/www.ecoledubardemontreal.ca\/en\/"},{"@type":"ListItem","position":2,"name":"Affiliated Bars"}]},{"@type":"WebSite","@id":"https:\/\/www.ecoledubardemontreal.ca\/#website","url":"https:\/\/www.ecoledubardemontreal.ca\/","name":"\u00c9cole du bar de Montr\u00e9al","description":"Site de l&#039;\u00e9cole du bar de Montr\u00e9al","publisher":{"@id":"https:\/\/www.ecoledubardemontreal.ca\/#organization"},"potentialAction":[{"@type":"SearchAction","target":{"@type":"EntryPoint","urlTemplate":"https:\/\/www.ecoledubardemontreal.ca\/?s={search_term_string}"},"query-input":{"@type":"PropertyValueSpecification","valueRequired":true,"valueName":"search_term_string"}}],"inLanguage":"en-US"},{"@type":"Organization","@id":"https:\/\/www.ecoledubardemontreal.ca\/#organization","name":"\u00c9cole du Bar de Montr\u00e9al | EBM","url":"https:\/\/www.ecoledubardemontreal.ca\/","logo":{"@type":"ImageObject","inLanguage":"en-US","@id":"https:\/\/www.ecoledubardemontreal.ca\/#\/schema\/logo\/image\/","url":"https:\/\/www.ecoledubardemontreal.ca\/wp-content\/uploads\/2020\/07\/Logo-EBM.png","contentUrl":"https:\/\/www.ecoledubardemontreal.ca\/wp-content\/uploads\/2020\/07\/Logo-EBM.png","width":2625,"height":3450,"caption":"\u00c9cole du Bar de Montr\u00e9al | EBM"},"image":{"@id":"https:\/\/www.ecoledubardemontreal.ca\/#\/schema\/logo\/image\/"},"sameAs":["https:\/\/www.facebook.com\/Ecoledubarmtl\/","https:\/\/x.com\/ecoledubarmtl","https:\/\/www.instagram.com\/Ecoledubarmtl\/","https:\/\/www.linkedin.com\/company\/ebmtl\/"]}]}},"_links":{"self":[{"href":"https:\/\/www.ecoledubardemontreal.ca\/en\/wp-json\/wp\/v2\/pages\/2829","targetHints":{"allow":["GET"]}}],"collection":[{"href":"https:\/\/www.ecoledubardemontreal.ca\/en\/wp-json\/wp\/v2\/pages"}],"about":[{"href":"https:\/\/www.ecoledubardemontreal.ca\/en\/wp-json\/wp\/v2\/types\/page"}],"author":[{"embeddable":true,"href":"https:\/\/www.ecoledubardemontreal.ca\/en\/wp-json\/wp\/v2\/users\/1"}],"replies":[{"embeddable":true,"href":"https:\/\/www.ecoledubardemontreal.ca\/en\/wp-json\/wp\/v2\/comments?post=2829"}],"version-history":[{"count":1,"href":"https:\/\/www.ecoledubardemontreal.ca\/en\/wp-json\/wp\/v2\/pages\/2829\/revisions"}],"predecessor-version":[{"id":8315,"href":"https:\/\/www.ecoledubardemontreal.ca\/en\/wp-json\/wp\/v2\/pages\/2829\/revisions\/8315"}],"wp:attachment":[{"href":"https:\/\/www.ecoledubardemontreal.ca\/en\/wp-json\/wp\/v2\/media?parent=2829"}],"curies":[{"name":"wp","href":"https:\/\/api.w.org\/{rel}","templated":true}]}}